{"id":68,"date":"2023-03-09T02:29:04","date_gmt":"2023-03-09T02:29:04","guid":{"rendered":"https:\/\/demoapus1.com\/nerf\/?page_id=68"},"modified":"2026-01-17T09:30:33","modified_gmt":"2026-01-17T09:30:33","slug":"contact","status":"publish","type":"page","link":"https:\/\/egevadikonaklari.com\/?page_id=68","title":{"rendered":"\u0130leti\u015fim"},"content":{"rendered":"\t\t<div data-elementor-type=\"wp-page\" data-elementor-id=\"68\" class=\"elementor elementor-68\">\n\t\t\t\t\t\t<section class=\"elementor-section elementor-top-section elementor-element elementor-element-16eabcb elementor-section-stretched elementor-section-boxed elementor-section-height-default elementor-section-height-default\" data-id=\"16eabcb\" data-element_type=\"section\" data-settings=\"{&quot;stretch_section&quot;:&quot;section-stretched&quot;,&quot;background_background&quot;:&quot;classic&quot;}\">\n\t\t\t\t\t\t<div class=\"elementor-container elementor-column-gap-extended\">\n\t\t\t\t\t<div class=\"elementor-column elementor-col-66 elementor-top-column elementor-element elementor-element-879e1b5 elementor-invisible\" data-id=\"879e1b5\" data-element_type=\"column\" data-settings=\"{&quot;animation&quot;:&quot;slide-up&quot;,&quot;animation_delay&quot;:150}\">\n\t\t\t<div class=\"elementor-widget-wrap elementor-element-populated\">\n\t\t\t\t\t\t<div class=\"elementor-element elementor-element-96d1f5e elementor-widget elementor-widget-heading\" data-id=\"96d1f5e\" data-element_type=\"widget\" data-widget_type=\"heading.default\">\n\t\t\t\t\t<h2 class=\"elementor-heading-title elementor-size-default\">SATI\u015e<\/h2>\t\t\t\t<\/div>\n\t\t\t\t<div class=\"elementor-element elementor-element-4370786 elementor-widget elementor-widget-heading\" data-id=\"4370786\" data-element_type=\"widget\" data-widget_type=\"heading.default\">\n\t\t\t\t\t<h2 class=\"elementor-heading-title elementor-size-default\">OF\u0130S\u0130<\/h2>\t\t\t\t<\/div>\n\t\t\t\t<div class=\"elementor-element elementor-element-af76a47 elementor-widget__width-initial elementor-widget elementor-widget-heading\" data-id=\"af76a47\" data-element_type=\"widget\" data-widget_type=\"heading.default\">\n\t\t\t\t\t<h2 class=\"elementor-heading-title elementor-size-default\">ADRES<\/h2>\t\t\t\t<\/div>\n\t\t\t\t<div class=\"elementor-element elementor-element-b6a8753 elementor-widget elementor-widget-text-editor\" data-id=\"b6a8753\" data-element_type=\"widget\" data-widget_type=\"text-editor.default\">\n\t\t\t\t\t\t\t\t\t<p>Zafer Mahallesi Sa\u011fl\u0131k Cad. No:36 A <br \/>Nazilli \/ AYDIN<\/p>\t\t\t\t\t\t\t\t<\/div>\n\t\t\t\t<div class=\"elementor-element elementor-element-40b6738 elementor-widget elementor-widget-heading\" data-id=\"40b6738\" data-element_type=\"widget\" data-widget_type=\"heading.default\">\n\t\t\t\t\t<h2 class=\"elementor-heading-title elementor-size-default\">TELEFON<\/h2>\t\t\t\t<\/div>\n\t\t\t\t<div class=\"elementor-element elementor-element-f2ba92e elementor-widget elementor-widget-text-editor\" data-id=\"f2ba92e\" data-element_type=\"widget\" data-widget_type=\"text-editor.default\">\n\t\t\t\t\t\t\t\t\t<p>0(533) 547 67 66<\/p>\t\t\t\t\t\t\t\t<\/div>\n\t\t\t\t<div class=\"elementor-element elementor-element-0de54aa elementor-widget elementor-widget-heading\" data-id=\"0de54aa\" data-element_type=\"widget\" data-widget_type=\"heading.default\">\n\t\t\t\t\t<h2 class=\"elementor-heading-title elementor-size-default\">E-mail<\/h2>\t\t\t\t<\/div>\n\t\t\t\t<div class=\"elementor-element elementor-element-8f82521 elementor-widget elementor-widget-text-editor\" data-id=\"8f82521\" data-element_type=\"widget\" data-widget_type=\"text-editor.default\">\n\t\t\t\t\t\t\t\t\t<p class=\"p1\">egevadikonaklari@gmail.com<\/p>\t\t\t\t\t\t\t\t<\/div>\n\t\t\t\t\t<\/div>\n\t\t<\/div>\n\t\t\t\t<div class=\"elementor-column elementor-col-33 elementor-top-column elementor-element elementor-element-e06530b elementor-invisible\" data-id=\"e06530b\" data-element_type=\"column\" data-settings=\"{&quot;animation&quot;:&quot;slide-up&quot;,&quot;animation_delay&quot;:300}\">\n\t\t\t<div class=\"elementor-widget-wrap elementor-element-populated\">\n\t\t\t\t\t\t<div class=\"elementor-element elementor-element-1d942e5 elementor-widget elementor-widget-heading\" data-id=\"1d942e5\" data-element_type=\"widget\" data-widget_type=\"heading.default\">\n\t\t\t\t\t<h2 class=\"elementor-heading-title elementor-size-default\">PROJE<\/h2>\t\t\t\t<\/div>\n\t\t\t\t<div class=\"elementor-element elementor-element-254e7fa elementor-widget elementor-widget-heading\" data-id=\"254e7fa\" data-element_type=\"widget\" data-widget_type=\"heading.default\">\n\t\t\t\t\t<h2 class=\"elementor-heading-title elementor-size-default\">MERKEZ\u0130<\/h2>\t\t\t\t<\/div>\n\t\t\t\t<div class=\"elementor-element elementor-element-cf82cec elementor-widget elementor-widget-heading\" data-id=\"cf82cec\" data-element_type=\"widget\" data-widget_type=\"heading.default\">\n\t\t\t\t\t<h2 class=\"elementor-heading-title elementor-size-default\">ADRES<\/h2>\t\t\t\t<\/div>\n\t\t\t\t<div class=\"elementor-element elementor-element-d3eb871 elementor-widget__width-initial elementor-widget elementor-widget-text-editor\" data-id=\"d3eb871\" data-element_type=\"widget\" data-widget_type=\"text-editor.default\">\n\t\t\t\t\t\t\t\t\t<p class=\"p1\">Hamidiye mahallesi 4833 sok.\u00a0<br \/>Nazilli \/ AYDIN<\/p>\t\t\t\t\t\t\t\t<\/div>\n\t\t\t\t<div class=\"elementor-element elementor-element-bd32203 elementor-widget elementor-widget-heading\" data-id=\"bd32203\" data-element_type=\"widget\" data-widget_type=\"heading.default\">\n\t\t\t\t\t<h2 class=\"elementor-heading-title elementor-size-default\">TELEFON<\/h2>\t\t\t\t<\/div>\n\t\t\t\t<div class=\"elementor-element elementor-element-797735c elementor-widget elementor-widget-text-editor\" data-id=\"797735c\" data-element_type=\"widget\" data-widget_type=\"text-editor.default\">\n\t\t\t\t\t\t\t\t\t<p>0(256) 312 85 09<\/p>\t\t\t\t\t\t\t\t<\/div>\n\t\t\t\t<div class=\"elementor-element elementor-element-da2f8b6 elementor-widget elementor-widget-heading\" data-id=\"da2f8b6\" data-element_type=\"widget\" data-widget_type=\"heading.default\">\n\t\t\t\t\t<h2 class=\"elementor-heading-title elementor-size-default\">E-mail<\/h2>\t\t\t\t<\/div>\n\t\t\t\t<div class=\"elementor-element elementor-element-4737546 elementor-widget elementor-widget-text-editor\" data-id=\"4737546\" data-element_type=\"widget\" data-widget_type=\"text-editor.default\">\n\t\t\t\t\t\t\t\t\t<p class=\"p1\">egevadikonaklari@gmail.com<\/p>\t\t\t\t\t\t\t\t<\/div>\n\t\t\t\t\t<\/div>\n\t\t<\/div>\n\t\t\t\t\t<\/div>\n\t\t<\/section>\n\t\t\t\t<section class=\"elementor-section elementor-top-section elementor-element elementor-element-4ff0d8c elementor-section-stretched elementor-section-boxed elementor-section-height-default elementor-section-height-default\" data-id=\"4ff0d8c\" data-element_type=\"section\" data-settings=\"{&quot;stretch_section&quot;:&quot;section-stretched&quot;,&quot;background_background&quot;:&quot;classic&quot;}\">\n\t\t\t\t\t\t<div class=\"elementor-container elementor-column-gap-extended\">\n\t\t\t\t\t<div class=\"elementor-column elementor-col-100 elementor-top-column elementor-element elementor-element-13f95a9 elementor-invisible\" data-id=\"13f95a9\" data-element_type=\"column\" data-settings=\"{&quot;animation&quot;:&quot;slide-up&quot;}\">\n\t\t\t<div class=\"elementor-widget-wrap elementor-element-populated\">\n\t\t\t\t\t\t<div class=\"elementor-element elementor-element-9b1e652 elementor-widget elementor-widget-heading\" data-id=\"9b1e652\" data-element_type=\"widget\" data-widget_type=\"heading.default\">\n\t\t\t\t\t<h2 class=\"elementor-heading-title elementor-size-default\">Z\u0130YARET<\/h2>\t\t\t\t<\/div>\n\t\t\t\t<div class=\"elementor-element elementor-element-37fdaea elementor-widget elementor-widget-heading\" data-id=\"37fdaea\" data-element_type=\"widget\" data-widget_type=\"heading.default\">\n\t\t\t\t\t<h2 class=\"elementor-heading-title elementor-size-default\">RANDEVUSU AL !<\/h2>\t\t\t\t<\/div>\n\t\t\t\t\t<\/div>\n\t\t<\/div>\n\t\t\t\t\t<\/div>\n\t\t<\/section>\n\t\t\t\t<section class=\"elementor-section elementor-top-section elementor-element elementor-element-edc2583 elementor-section-stretched elementor-section-boxed elementor-section-height-default elementor-section-height-default\" data-id=\"edc2583\" data-element_type=\"section\" data-settings=\"{&quot;stretch_section&quot;:&quot;section-stretched&quot;,&quot;background_background&quot;:&quot;classic&quot;}\">\n\t\t\t\t\t\t<div class=\"elementor-container elementor-column-gap-extended\">\n\t\t\t\t\t<div class=\"elementor-column elementor-col-100 elementor-top-column elementor-element elementor-element-8166310\" data-id=\"8166310\" data-element_type=\"column\">\n\t\t\t<div class=\"elementor-widget-wrap elementor-element-populated\">\n\t\t\t\t\t\t<div class=\"elementor-element elementor-element-79462be elementor-widget__width-initial elementor-invisible elementor-widget elementor-widget-shortcode\" data-id=\"79462be\" data-element_type=\"widget\" data-settings=\"{&quot;_animation&quot;:&quot;scale&quot;}\" data-widget_type=\"shortcode.default\">\n\t\t\t\t\t\t\t<div class=\"elementor-shortcode\">\n<div class=\"wpcf7 no-js\" id=\"wpcf7-f2379-o1\" lang=\"en-US\" dir=\"ltr\" data-wpcf7-id=\"2379\">\n<div class=\"screen-reader-response\"><p role=\"status\" aria-live=\"polite\" aria-atomic=\"true\"><\/p> <ul><\/ul><\/div>\n<form action=\"\/index.php?rest_route=%2Fwp%2Fv2%2Fpages%2F68#wpcf7-f2379-o1\" method=\"post\" class=\"wpcf7-form init\" aria-label=\"Contact form\" novalidate=\"novalidate\" data-status=\"init\">\n<fieldset class=\"hidden-fields-container\"><input type=\"hidden\" name=\"_wpcf7\" value=\"2379\" \/><input type=\"hidden\" name=\"_wpcf7_version\" value=\"6.1.3\" \/><input type=\"hidden\" name=\"_wpcf7_locale\" value=\"en_US\" \/><input type=\"hidden\" name=\"_wpcf7_unit_tag\" value=\"wpcf7-f2379-o1\" \/><input type=\"hidden\" name=\"_wpcf7_container_post\" value=\"0\" \/><input type=\"hidden\" name=\"_wpcf7_posted_data_hash\" value=\"\" \/>\n<\/fieldset>\n<p><label>AD SOYAD<\/label><span class=\"wpcf7-form-control-wrap\" data-name=\"your-name\"><input size=\"40\" maxlength=\"400\" class=\"wpcf7-form-control wpcf7-text wpcf7-validates-as-required form-control\" autocomplete=\"name\" aria-required=\"true\" aria-invalid=\"false\" value=\"\" type=\"text\" name=\"your-name\" \/><\/span><label>E-POSTA ADRES\u0130<\/label><span class=\"wpcf7-form-control-wrap\" data-name=\"your-email\"><input size=\"40\" maxlength=\"400\" class=\"wpcf7-form-control wpcf7-email wpcf7-validates-as-required wpcf7-text wpcf7-validates-as-email form-control\" autocomplete=\"email\" aria-required=\"true\" aria-invalid=\"false\" value=\"\" type=\"email\" name=\"your-email\" \/><\/span><label>MESAJINIZ<\/label><span class=\"wpcf7-form-control-wrap\" data-name=\"your-message\"><textarea cols=\"40\" rows=\"10\" maxlength=\"2000\" class=\"wpcf7-form-control wpcf7-textarea form-control m-0\" aria-invalid=\"false\" placeholder=\"\" name=\"your-message\"><\/textarea><\/span><button class=\"btn btn-theme w-100\" type=\"submit\">MESAJ G\u00d6NDER<\/button>\n<\/p><div class=\"wpcf7-response-output\" aria-hidden=\"true\"><\/div>\n<\/form>\n<\/div>\n<\/div>\n\t\t\t\t\t\t<\/div>\n\t\t\t\t\t<\/div>\n\t\t<\/div>\n\t\t\t\t\t<\/div>\n\t\t<\/section>\n\t\t\t\t<section class=\"elementor-section elementor-top-section elementor-element elementor-element-6dde43c elementor-section-stretched elementor-section-full_width elementor-section-height-default elementor-section-height-default\" data-id=\"6dde43c\" data-element_type=\"section\" data-settings=\"{&quot;stretch_section&quot;:&quot;section-stretched&quot;,&quot;background_background&quot;:&quot;classic&quot;}\">\n\t\t\t\t\t\t<div class=\"elementor-container elementor-column-gap-no\">\n\t\t\t\t\t<div class=\"elementor-column elementor-col-100 elementor-top-column elementor-element elementor-element-2e88a27\" data-id=\"2e88a27\" data-element_type=\"column\">\n\t\t\t<div class=\"elementor-widget-wrap elementor-element-populated\">\n\t\t\t\t\t\t<div class=\"elementor-element elementor-element-d48f7c2 elementor-invisible elementor-widget elementor-widget-apus_element_image_hotspot\" data-id=\"d48f7c2\" data-element_type=\"widget\" data-settings=\"{&quot;_animation&quot;:&quot;slide-up&quot;}\" data-widget_type=\"apus_element_image_hotspot.default\">\n\t\t\t\t<div class=\"elementor-widget-container\">\n\t\t\t\t\t            <div class=\"widget-image-hotspot d-lg-flex  default\">\r\n                                <div class=\"wrap_svl_center flex-grow-1\">\r\n                    <div class=\"wrap_svl_center_box d-block\">\r\n                        <div class=\"wrap_svl\" id=\"body_drag_2328\">\r\n                            <div class=\"images_wrap\">\r\n                                <img decoding=\"async\" src=\"https:\/\/egevadikonaklari.com\/wp-content\/uploads\/2025\/12\/Adsiz-tasarim-kopyasi.jpg\" alt=\"\">\r\n                            <\/div>  \r\n                                                                                                <div data-content_id=\"image-hotspot-point-1\" class=\"drag_element tips \" style=\"top:22.03%;left:48.76%;\" >\r\n                                        <div class=\"point_style  ihotspot_tooltop_html\" data-placement=\"n\" data-html=\"                                            &lt;div class=&quot;box_view_html&quot;&gt;&lt;h3 class=&quot;title&quot;&gt;SATI\u015e OF\u0130S\u0130&lt;\/h3&gt;\n&lt;\/div&gt;\r\n                                        \">\r\n                                                                                                                                                <div class=\"pins_animation ihotspot_pulse\" style=\"top:-20px;left:-20px;height:40px;width:40px\"><\/div>\r\n                                                                                                <img decoding=\"async\" alt=\"\" src=\"https:\/\/demoapus1.com\/nerf\/wp-content\/uploads\/2023\/03\/pin.png\" class=\"pins_image ihotspot_hastooltop\" style=\"top:-20px;left:-20px\">\r\n                                                                                                                                                                                <\/div>\r\n                                    <\/div>\r\n                                                                    <div data-content_id=\"image-hotspot-point-2\" class=\"drag_element tips \" style=\"top:7.79%;left:54.93%;\" >\r\n                                        <div class=\"point_style  ihotspot_tooltop_html\" data-placement=\"n\" data-html=\"                                            &lt;div class=&quot;box_view_html&quot;&gt;&lt;h3 class=&quot;title&quot;&gt;NAZ\u0130LL\u0130&lt;\/h3&gt;\n&lt;\/div&gt;\r\n                                        \">\r\n                                                                                                                                                <div class=\"pins_animation ihotspot_pulse\" style=\"top:-20px;left:-20px;height:40px;width:40px\"><\/div>\r\n                                                                                                <img decoding=\"async\" alt=\"\" src=\"https:\/\/demoapus1.com\/nerf\/wp-content\/uploads\/2023\/03\/pin.png\" class=\"pins_image ihotspot_hastooltop\" style=\"top:-20px;left:-20px\">\r\n                                                                                                                                                                                <\/div>\r\n                                    <\/div>\r\n                                                                    <div data-content_id=\"image-hotspot-point-3\" class=\"drag_element tips \" style=\"top:80.84%;left:59.71%;\" >\r\n                                        <div class=\"point_style  ihotspot_tooltop_html\" data-placement=\"n\" data-html=\"                                            &lt;div class=&quot;box_view_html&quot;&gt;&lt;h3 class=&quot;title&quot;&gt;PROJE MERKEZ\u0130&lt;\/h3&gt;\n&lt;\/div&gt;\r\n                                        \">\r\n                                                                                                                                                <div class=\"pins_animation ihotspot_pulse\" style=\"top:-20px;left:-20px;height:40px;width:40px\"><\/div>\r\n                                                                                                <img decoding=\"async\" alt=\"\" src=\"https:\/\/demoapus1.com\/nerf\/wp-content\/uploads\/2023\/03\/pin.png\" class=\"pins_image ihotspot_hastooltop\" style=\"top:-20px;left:-20px\">\r\n                                                                                                                                                                                <\/div>\r\n                                    <\/div>\r\n                                                                                    <\/div>\r\n                    <\/div>\r\n                <\/div>\r\n                            <\/div>\r\n            \t\t\t\t<\/div>\n\t\t\t\t<\/div>\n\t\t\t\t\t<\/div>\n\t\t<\/div>\n\t\t\t\t\t<\/div>\n\t\t<\/section>\n\t\t\t\t<\/div>\n\t\t","protected":false},"excerpt":{"rendered":"<p>SATI\u015e OF\u0130S\u0130 ADRES Zafer Mahallesi Sa\u011fl\u0131k Cad. No:36 A Nazilli \/ AYDIN TELEFON 0(533) 547 67 66 E-mail egevadikonaklari@gmail.com PROJE MERKEZ\u0130 ADRES Hamidiye mahallesi 4833 sok.\u00a0Nazilli \/ AYDIN TELEFON 0(256) 312 85 09 E-mail egevadikonaklari@gmail.com Z\u0130YARET RANDEVUSU AL !<\/p>\n","protected":false},"author":1,"featured_media":0,"parent":0,"menu_order":0,"comment_status":"closed","ping_status":"closed","template":"","meta":{"footnotes":""},"class_list":["post-68","page","type-page","status-publish","hentry"],"_links":{"self":[{"href":"https:\/\/egevadikonaklari.com\/index.php?rest_route=\/wp\/v2\/pages\/68","targetHints":{"allow":["GET"]}}],"collection":[{"href":"https:\/\/egevadikonaklari.com\/index.php?rest_route=\/wp\/v2\/pages"}],"about":[{"href":"https:\/\/egevadikonaklari.com\/index.php?rest_route=\/wp\/v2\/types\/page"}],"author":[{"embeddable":true,"href":"https:\/\/egevadikonaklari.com\/index.php?rest_route=\/wp\/v2\/users\/1"}],"replies":[{"embeddable":true,"href":"https:\/\/egevadikonaklari.com\/index.php?rest_route=%2Fwp%2Fv2%2Fcomments&post=68"}],"version-history":[{"count":5,"href":"https:\/\/egevadikonaklari.com\/index.php?rest_route=\/wp\/v2\/pages\/68\/revisions"}],"predecessor-version":[{"id":5141,"href":"https:\/\/egevadikonaklari.com\/index.php?rest_route=\/wp\/v2\/pages\/68\/revisions\/5141"}],"wp:attachment":[{"href":"https:\/\/egevadikonaklari.com\/index.php?rest_route=%2Fwp%2Fv2%2Fmedia&parent=68"}],"curies":[{"name":"wp","href":"https:\/\/api.w.org\/{rel}","templated":true}]}}