{"id":77,"date":"2023-03-09T02:31:32","date_gmt":"2023-03-09T02:31:32","guid":{"rendered":"https:\/\/demoapus1.com\/nerf\/?page_id=77"},"modified":"2025-12-18T21:13:33","modified_gmt":"2025-12-18T21:13:33","slug":"amenities","status":"publish","type":"page","link":"https:\/\/egevadikonaklari.com\/?page_id=77","title":{"rendered":"Ya\u015fam Alanlar\u0131"},"content":{"rendered":"\t\t<div data-elementor-type=\"wp-page\" data-elementor-id=\"77\" class=\"elementor elementor-77\">\n\t\t\t\t\t\t<section class=\"elementor-section elementor-top-section elementor-element elementor-element-2748b32 elementor-section-content-middle elementor-section-boxed elementor-section-height-default elementor-section-height-default\" data-id=\"2748b32\" data-element_type=\"section\">\n\t\t\t\t\t\t<div class=\"elementor-container elementor-column-gap-extended\">\n\t\t\t\t\t<div class=\"elementor-column elementor-col-50 elementor-top-column elementor-element elementor-element-5f1c572\" data-id=\"5f1c572\" data-element_type=\"column\">\n\t\t\t<div class=\"elementor-widget-wrap elementor-element-populated\">\n\t\t\t\t\t\t<div class=\"elementor-element elementor-element-a31230e elementor-invisible elementor-widget elementor-widget-image\" data-id=\"a31230e\" data-element_type=\"widget\" data-settings=\"{&quot;_animation&quot;:&quot;slide-right&quot;}\" data-widget_type=\"image.default\">\n\t\t\t\t\t\t\t\t\t\t\t\t\t\t\t<img fetchpriority=\"high\" decoding=\"async\" width=\"690\" height=\"690\" src=\"https:\/\/egevadikonaklari.com\/wp-content\/uploads\/2025\/12\/acik-havuz.png\" class=\"attachment-full size-full wp-image-4815\" alt=\"\" srcset=\"https:\/\/egevadikonaklari.com\/wp-content\/uploads\/2025\/12\/acik-havuz.png 690w, https:\/\/egevadikonaklari.com\/wp-content\/uploads\/2025\/12\/acik-havuz-300x300.png 300w, https:\/\/egevadikonaklari.com\/wp-content\/uploads\/2025\/12\/acik-havuz-150x150.png 150w\" sizes=\"(max-width: 690px) 100vw, 690px\" \/>\t\t\t\t\t\t\t\t\t\t\t\t\t\t\t<\/div>\n\t\t\t\t\t<\/div>\n\t\t<\/div>\n\t\t\t\t<div class=\"elementor-column elementor-col-50 elementor-top-column elementor-element elementor-element-b27141a\" data-id=\"b27141a\" data-element_type=\"column\">\n\t\t\t<div class=\"elementor-widget-wrap elementor-element-populated\">\n\t\t\t\t\t\t<div class=\"elementor-element elementor-element-c24ee59 elementor-invisible elementor-widget elementor-widget-heading\" data-id=\"c24ee59\" data-element_type=\"widget\" data-settings=\"{&quot;_animation&quot;:&quot;slide-left&quot;,&quot;_animation_delay&quot;:100}\" data-widget_type=\"heading.default\">\n\t\t\t\t\t<h2 class=\"elementor-heading-title elementor-size-default\"><span class=\"text-theme\">Y\u00dcZME<\/span><br>HAVUZU<\/h2>\t\t\t\t<\/div>\n\t\t\t\t<div class=\"elementor-element elementor-element-c5a6627 elementor-invisible elementor-widget elementor-widget-text-editor\" data-id=\"c5a6627\" data-element_type=\"widget\" data-settings=\"{&quot;_animation&quot;:&quot;slide-left&quot;,&quot;_animation_delay&quot;:200}\" data-widget_type=\"text-editor.default\">\n\t\t\t\t\t\t\t\t\t<p>G\u00fcn\u00fcn temposundan uzakla\u015f\u0131p serinleyebilece\u011finiz a\u00e7\u0131k y\u00fczme havuzu, yaz aylar\u0131n\u0131n vazge\u00e7ilmez bulu\u015fma noktas\u0131d\u0131r. Keyif ve rahatl\u0131k, a\u00e7\u0131k havada bir araya gelir.<\/p>\t\t\t\t\t\t\t\t<\/div>\n\t\t\t\t<div class=\"elementor-element elementor-element-c7fe055 elementor-invisible elementor-widget elementor-widget-button\" data-id=\"c7fe055\" data-element_type=\"widget\" data-settings=\"{&quot;_animation&quot;:&quot;slide-left&quot;,&quot;_animation_delay&quot;:300}\" data-widget_type=\"button.default\">\n\t\t\t\t\t\t\t\t\t\t<a class=\"elementor-button elementor-button-link elementor-size-sm\" href=\"https:\/\/egevadikonaklari.com\/?page_id=68\">\n\t\t\t\t\t\t<span class=\"elementor-button-content-wrapper\">\n\t\t\t\t\t\t\t\t\t<span class=\"elementor-button-text\">Ziyaret Randevusu Al<\/span>\n\t\t\t\t\t<\/span>\n\t\t\t\t\t<\/a>\n\t\t\t\t\t\t\t\t<\/div>\n\t\t\t\t\t<\/div>\n\t\t<\/div>\n\t\t\t\t\t<\/div>\n\t\t<\/section>\n\t\t\t\t<section class=\"elementor-section elementor-top-section elementor-element elementor-element-3afda75 elementor-section-content-middle elementor-reverse-mobile elementor-section-boxed elementor-section-height-default elementor-section-height-default\" data-id=\"3afda75\" data-element_type=\"section\">\n\t\t\t\t\t\t<div class=\"elementor-container elementor-column-gap-extended\">\n\t\t\t\t\t<div class=\"elementor-column elementor-col-50 elementor-top-column elementor-element elementor-element-ab05880\" data-id=\"ab05880\" data-element_type=\"column\">\n\t\t\t<div class=\"elementor-widget-wrap elementor-element-populated\">\n\t\t\t\t\t\t<div class=\"elementor-element elementor-element-e7c17b6 elementor-invisible elementor-widget elementor-widget-heading\" data-id=\"e7c17b6\" data-element_type=\"widget\" data-settings=\"{&quot;_animation&quot;:&quot;slide-right&quot;}\" data-widget_type=\"heading.default\">\n\t\t\t\t\t<h2 class=\"elementor-heading-title elementor-size-default\"><span class=\"text-theme\">SPOR<\/span> <br>SALONU<\/h2>\t\t\t\t<\/div>\n\t\t\t\t<div class=\"elementor-element elementor-element-3c11b3b elementor-invisible elementor-widget elementor-widget-text-editor\" data-id=\"3c11b3b\" data-element_type=\"widget\" data-settings=\"{&quot;_animation&quot;:&quot;slide-right&quot;,&quot;_animation_delay&quot;:100}\" data-widget_type=\"text-editor.default\">\n\t\t\t\t\t\t\t\t\t<p>Modern donan\u0131m\u0131yla spor salonu, sa\u011fl\u0131kl\u0131 ya\u015fam\u0131 g\u00fcnl\u00fck rutinin bir par\u00e7as\u0131 haline getirir. Enerjinizi yenileyebilece\u011finiz konforlu bir alan sunar.<\/p>\t\t\t\t\t\t\t\t<\/div>\n\t\t\t\t<div class=\"elementor-element elementor-element-045d3f8 elementor-invisible elementor-widget elementor-widget-button\" data-id=\"045d3f8\" data-element_type=\"widget\" data-settings=\"{&quot;_animation&quot;:&quot;slide-right&quot;,&quot;_animation_delay&quot;:200}\" data-widget_type=\"button.default\">\n\t\t\t\t\t\t\t\t\t\t<a class=\"elementor-button elementor-button-link elementor-size-sm\" href=\"https:\/\/egevadikonaklari.com\/?page_id=68\">\n\t\t\t\t\t\t<span class=\"elementor-button-content-wrapper\">\n\t\t\t\t\t\t\t\t\t<span class=\"elementor-button-text\">Z\u0130YARET RANDEVUSU AL<\/span>\n\t\t\t\t\t<\/span>\n\t\t\t\t\t<\/a>\n\t\t\t\t\t\t\t\t<\/div>\n\t\t\t\t\t<\/div>\n\t\t<\/div>\n\t\t\t\t<div class=\"elementor-column elementor-col-50 elementor-top-column elementor-element elementor-element-f200934\" data-id=\"f200934\" data-element_type=\"column\">\n\t\t\t<div class=\"elementor-widget-wrap elementor-element-populated\">\n\t\t\t\t\t\t<div class=\"elementor-element elementor-element-46fe8e2 elementor-invisible elementor-widget elementor-widget-image\" data-id=\"46fe8e2\" data-element_type=\"widget\" data-settings=\"{&quot;_animation&quot;:&quot;slide-left&quot;,&quot;_animation_delay&quot;:300}\" data-widget_type=\"image.default\">\n\t\t\t\t\t\t\t\t\t\t\t\t\t\t\t<img decoding=\"async\" width=\"690\" height=\"690\" src=\"https:\/\/egevadikonaklari.com\/wp-content\/uploads\/2025\/12\/spor.png\" class=\"attachment-full size-full wp-image-4816\" alt=\"\" srcset=\"https:\/\/egevadikonaklari.com\/wp-content\/uploads\/2025\/12\/spor.png 690w, https:\/\/egevadikonaklari.com\/wp-content\/uploads\/2025\/12\/spor-300x300.png 300w, https:\/\/egevadikonaklari.com\/wp-content\/uploads\/2025\/12\/spor-150x150.png 150w\" sizes=\"(max-width: 690px) 100vw, 690px\" \/>\t\t\t\t\t\t\t\t\t\t\t\t\t\t\t<\/div>\n\t\t\t\t\t<\/div>\n\t\t<\/div>\n\t\t\t\t\t<\/div>\n\t\t<\/section>\n\t\t\t\t<section class=\"elementor-section elementor-top-section elementor-element elementor-element-2838cb6 elementor-section-content-middle elementor-section-boxed elementor-section-height-default elementor-section-height-default\" data-id=\"2838cb6\" data-element_type=\"section\">\n\t\t\t\t\t\t<div class=\"elementor-container elementor-column-gap-extended\">\n\t\t\t\t\t<div class=\"elementor-column elementor-col-50 elementor-top-column elementor-element elementor-element-d02ac81\" data-id=\"d02ac81\" data-element_type=\"column\">\n\t\t\t<div class=\"elementor-widget-wrap elementor-element-populated\">\n\t\t\t\t\t\t<div class=\"elementor-element elementor-element-726a5c2 elementor-invisible elementor-widget elementor-widget-image\" data-id=\"726a5c2\" data-element_type=\"widget\" data-settings=\"{&quot;_animation&quot;:&quot;slide-right&quot;}\" data-widget_type=\"image.default\">\n\t\t\t\t\t\t\t\t\t\t\t\t\t\t\t<img decoding=\"async\" width=\"690\" height=\"690\" src=\"https:\/\/egevadikonaklari.com\/wp-content\/uploads\/2025\/12\/cafe.png\" class=\"attachment-full size-full wp-image-4821\" alt=\"\" srcset=\"https:\/\/egevadikonaklari.com\/wp-content\/uploads\/2025\/12\/cafe.png 690w, https:\/\/egevadikonaklari.com\/wp-content\/uploads\/2025\/12\/cafe-300x300.png 300w, https:\/\/egevadikonaklari.com\/wp-content\/uploads\/2025\/12\/cafe-150x150.png 150w\" sizes=\"(max-width: 690px) 100vw, 690px\" \/>\t\t\t\t\t\t\t\t\t\t\t\t\t\t\t<\/div>\n\t\t\t\t\t<\/div>\n\t\t<\/div>\n\t\t\t\t<div class=\"elementor-column elementor-col-50 elementor-top-column elementor-element elementor-element-b974c28\" data-id=\"b974c28\" data-element_type=\"column\">\n\t\t\t<div class=\"elementor-widget-wrap elementor-element-populated\">\n\t\t\t\t\t\t<div class=\"elementor-element elementor-element-571b021 elementor-invisible elementor-widget elementor-widget-heading\" data-id=\"571b021\" data-element_type=\"widget\" data-settings=\"{&quot;_animation&quot;:&quot;slide-left&quot;,&quot;_animation_delay&quot;:100}\" data-widget_type=\"heading.default\">\n\t\t\t\t\t<h2 class=\"elementor-heading-title elementor-size-default\"><span class=\"text-theme\">SOSYAL<\/span> <br>CAFE<\/h2>\t\t\t\t<\/div>\n\t\t\t\t<div class=\"elementor-element elementor-element-e8b1a34 elementor-invisible elementor-widget elementor-widget-text-editor\" data-id=\"e8b1a34\" data-element_type=\"widget\" data-settings=\"{&quot;_animation&quot;:&quot;slide-left&quot;,&quot;_animation_delay&quot;:200}\" data-widget_type=\"text-editor.default\">\n\t\t\t\t\t\t\t\t\t<p>Sosyal ya\u015fam\u0131n kalbinde yer alan kafe alan\u0131, g\u00fcn\u00fcn her an\u0131nda keyifli molalar i\u00e7in tasarland\u0131. Kom\u015fuluk ili\u015fkilerini g\u00fc\u00e7lendiren s\u0131cak bir bulu\u015fma alan\u0131 sunar.<\/p>\t\t\t\t\t\t\t\t<\/div>\n\t\t\t\t<div class=\"elementor-element elementor-element-c0a804c elementor-invisible elementor-widget elementor-widget-button\" data-id=\"c0a804c\" data-element_type=\"widget\" data-settings=\"{&quot;_animation&quot;:&quot;slide-left&quot;,&quot;_animation_delay&quot;:300}\" data-widget_type=\"button.default\">\n\t\t\t\t\t\t\t\t\t\t<a class=\"elementor-button elementor-button-link elementor-size-sm\" href=\"https:\/\/egevadikonaklari.com\/?page_id=68\">\n\t\t\t\t\t\t<span class=\"elementor-button-content-wrapper\">\n\t\t\t\t\t\t\t\t\t<span class=\"elementor-button-text\">Z\u0130YARET RANDEVUSU AL<\/span>\n\t\t\t\t\t<\/span>\n\t\t\t\t\t<\/a>\n\t\t\t\t\t\t\t\t<\/div>\n\t\t\t\t\t<\/div>\n\t\t<\/div>\n\t\t\t\t\t<\/div>\n\t\t<\/section>\n\t\t\t\t<section class=\"elementor-section elementor-top-section elementor-element elementor-element-03b6bb0 elementor-section-content-middle elementor-reverse-mobile elementor-section-boxed elementor-section-height-default elementor-section-height-default\" data-id=\"03b6bb0\" data-element_type=\"section\">\n\t\t\t\t\t\t<div class=\"elementor-container elementor-column-gap-extended\">\n\t\t\t\t\t<div class=\"elementor-column elementor-col-50 elementor-top-column elementor-element elementor-element-4653eae\" data-id=\"4653eae\" data-element_type=\"column\">\n\t\t\t<div class=\"elementor-widget-wrap elementor-element-populated\">\n\t\t\t\t\t\t<div class=\"elementor-element elementor-element-8cd6119 elementor-invisible elementor-widget elementor-widget-heading\" data-id=\"8cd6119\" data-element_type=\"widget\" data-settings=\"{&quot;_animation&quot;:&quot;slide-right&quot;}\" data-widget_type=\"heading.default\">\n\t\t\t\t\t<h2 class=\"elementor-heading-title elementor-size-default\"><span class=\"text-theme\">\u00c7OCUK<\/span> <br>PARKI<\/h2>\t\t\t\t<\/div>\n\t\t\t\t<div class=\"elementor-element elementor-element-c520401 elementor-invisible elementor-widget elementor-widget-text-editor\" data-id=\"c520401\" data-element_type=\"widget\" data-settings=\"{&quot;_animation&quot;:&quot;slide-right&quot;,&quot;_animation_delay&quot;:100}\" data-widget_type=\"text-editor.default\">\n\t\t\t\t\t\t\t\t\t<p data-start=\"621\" data-end=\"762\">\u00c7ocuklar i\u00e7in g\u00fcvenli, e\u011flenceli ve \u00f6zg\u00fcr bir oyun alan\u0131 sunar. Ailelerin g\u00f6n\u00fcl rahatl\u0131\u011f\u0131yla keyifli zaman ge\u00e7irebilece\u011fi \u015fekilde planland\u0131.<\/p>\t\t\t\t\t\t\t\t<\/div>\n\t\t\t\t<div class=\"elementor-element elementor-element-4c5e500 elementor-invisible elementor-widget elementor-widget-button\" data-id=\"4c5e500\" data-element_type=\"widget\" data-settings=\"{&quot;_animation&quot;:&quot;slide-right&quot;,&quot;_animation_delay&quot;:200}\" data-widget_type=\"button.default\">\n\t\t\t\t\t\t\t\t\t\t<a class=\"elementor-button elementor-button-link elementor-size-sm\" href=\"https:\/\/egevadikonaklari.com\/?page_id=68\">\n\t\t\t\t\t\t<span class=\"elementor-button-content-wrapper\">\n\t\t\t\t\t\t\t\t\t<span class=\"elementor-button-text\">Z\u0130YARET RANDEVUSU AL<\/span>\n\t\t\t\t\t<\/span>\n\t\t\t\t\t<\/a>\n\t\t\t\t\t\t\t\t<\/div>\n\t\t\t\t\t<\/div>\n\t\t<\/div>\n\t\t\t\t<div class=\"elementor-column elementor-col-50 elementor-top-column elementor-element elementor-element-75b60bf\" data-id=\"75b60bf\" data-element_type=\"column\">\n\t\t\t<div class=\"elementor-widget-wrap elementor-element-populated\">\n\t\t\t\t\t\t<div class=\"elementor-element elementor-element-7cb5fa8 elementor-invisible elementor-widget elementor-widget-image\" data-id=\"7cb5fa8\" data-element_type=\"widget\" data-settings=\"{&quot;_animation&quot;:&quot;slide-left&quot;,&quot;_animation_delay&quot;:300}\" data-widget_type=\"image.default\">\n\t\t\t\t\t\t\t\t\t\t\t\t\t\t\t<img loading=\"lazy\" decoding=\"async\" width=\"690\" height=\"690\" src=\"https:\/\/egevadikonaklari.com\/wp-content\/uploads\/2025\/12\/cocuk-parki.png\" class=\"attachment-full size-full wp-image-4813\" alt=\"\" srcset=\"https:\/\/egevadikonaklari.com\/wp-content\/uploads\/2025\/12\/cocuk-parki.png 690w, https:\/\/egevadikonaklari.com\/wp-content\/uploads\/2025\/12\/cocuk-parki-300x300.png 300w, https:\/\/egevadikonaklari.com\/wp-content\/uploads\/2025\/12\/cocuk-parki-150x150.png 150w\" sizes=\"(max-width: 690px) 100vw, 690px\" \/>\t\t\t\t\t\t\t\t\t\t\t\t\t\t\t<\/div>\n\t\t\t\t\t<\/div>\n\t\t<\/div>\n\t\t\t\t\t<\/div>\n\t\t<\/section>\n\t\t\t\t<section class=\"elementor-section elementor-top-section elementor-element elementor-element-4f3c895 elementor-section-content-middle elementor-section-boxed elementor-section-height-default elementor-section-height-default\" data-id=\"4f3c895\" data-element_type=\"section\">\n\t\t\t\t\t\t<div class=\"elementor-container elementor-column-gap-extended\">\n\t\t\t\t\t<div class=\"elementor-column elementor-col-50 elementor-top-column elementor-element elementor-element-e9ed819\" data-id=\"e9ed819\" data-element_type=\"column\">\n\t\t\t<div class=\"elementor-widget-wrap elementor-element-populated\">\n\t\t\t\t\t\t<div class=\"elementor-element elementor-element-39b90b3 elementor-invisible elementor-widget elementor-widget-image\" data-id=\"39b90b3\" data-element_type=\"widget\" data-settings=\"{&quot;_animation&quot;:&quot;slide-right&quot;}\" data-widget_type=\"image.default\">\n\t\t\t\t\t\t\t\t\t\t\t\t\t\t\t<img loading=\"lazy\" decoding=\"async\" width=\"690\" height=\"690\" src=\"https:\/\/egevadikonaklari.com\/wp-content\/uploads\/2025\/12\/market.png\" class=\"attachment-full size-full wp-image-4817\" alt=\"\" srcset=\"https:\/\/egevadikonaklari.com\/wp-content\/uploads\/2025\/12\/market.png 690w, https:\/\/egevadikonaklari.com\/wp-content\/uploads\/2025\/12\/market-300x300.png 300w, https:\/\/egevadikonaklari.com\/wp-content\/uploads\/2025\/12\/market-150x150.png 150w\" sizes=\"(max-width: 690px) 100vw, 690px\" \/>\t\t\t\t\t\t\t\t\t\t\t\t\t\t\t<\/div>\n\t\t\t\t\t<\/div>\n\t\t<\/div>\n\t\t\t\t<div class=\"elementor-column elementor-col-50 elementor-top-column elementor-element elementor-element-20abd5e\" data-id=\"20abd5e\" data-element_type=\"column\">\n\t\t\t<div class=\"elementor-widget-wrap elementor-element-populated\">\n\t\t\t\t\t\t<div class=\"elementor-element elementor-element-458398b elementor-invisible elementor-widget elementor-widget-heading\" data-id=\"458398b\" data-element_type=\"widget\" data-settings=\"{&quot;_animation&quot;:&quot;slide-left&quot;,&quot;_animation_delay&quot;:100}\" data-widget_type=\"heading.default\">\n\t\t\t\t\t<h2 class=\"elementor-heading-title elementor-size-default\"><span class=\"text-theme\">M\u0130N\u0130<\/span> <br>MARKET<\/h2>\t\t\t\t<\/div>\n\t\t\t\t<div class=\"elementor-element elementor-element-75a6c62 elementor-invisible elementor-widget elementor-widget-text-editor\" data-id=\"75a6c62\" data-element_type=\"widget\" data-settings=\"{&quot;_animation&quot;:&quot;slide-left&quot;,&quot;_animation_delay&quot;:200}\" data-widget_type=\"text-editor.default\">\n\t\t\t\t\t\t\t\t\t<p>G\u00fcnl\u00fck ihtiya\u00e7lar\u0131n\u0131z i\u00e7in her an ula\u015f\u0131labilir mini market, ya\u015fam\u0131 kolayla\u015ft\u0131ran ayr\u0131cal\u0131klar sunar. Konfor, k\u00fc\u00e7\u00fck detaylarda kendini g\u00f6sterir.<\/p>\t\t\t\t\t\t\t\t<\/div>\n\t\t\t\t<div class=\"elementor-element elementor-element-6a8508b elementor-invisible elementor-widget elementor-widget-button\" data-id=\"6a8508b\" data-element_type=\"widget\" data-settings=\"{&quot;_animation&quot;:&quot;slide-left&quot;,&quot;_animation_delay&quot;:300}\" data-widget_type=\"button.default\">\n\t\t\t\t\t\t\t\t\t\t<a class=\"elementor-button elementor-button-link elementor-size-sm\" href=\"https:\/\/egevadikonaklari.com\/?page_id=68\">\n\t\t\t\t\t\t<span class=\"elementor-button-content-wrapper\">\n\t\t\t\t\t\t\t\t\t<span class=\"elementor-button-text\">Z\u0130YARET RANDEVUSU AL<\/span>\n\t\t\t\t\t<\/span>\n\t\t\t\t\t<\/a>\n\t\t\t\t\t\t\t\t<\/div>\n\t\t\t\t\t<\/div>\n\t\t<\/div>\n\t\t\t\t\t<\/div>\n\t\t<\/section>\n\t\t\t\t<\/div>\n\t\t","protected":false},"excerpt":{"rendered":"<p>Y\u00dcZMEHAVUZU G\u00fcn\u00fcn temposundan uzakla\u015f\u0131p serinleyebilece\u011finiz a\u00e7\u0131k y\u00fczme havuzu, yaz aylar\u0131n\u0131n vazge\u00e7ilmez bulu\u015fma noktas\u0131d\u0131r. Keyif ve rahatl\u0131k, a\u00e7\u0131k havada bir araya gelir. Ziyaret Randevusu Al SPOR SALONU Modern donan\u0131m\u0131yla spor salonu, sa\u011fl\u0131kl\u0131 ya\u015fam\u0131 g\u00fcnl\u00fck rutinin bir par\u00e7as\u0131 haline getirir. Enerjinizi yenileyebilece\u011finiz konforlu bir alan sunar. Z\u0130YARET RANDEVUSU AL SOSYAL CAFE Sosyal ya\u015fam\u0131n kalbinde yer alan kafe [&hellip;]<\/p>\n","protected":false},"author":1,"featured_media":0,"parent":0,"menu_order":0,"comment_status":"closed","ping_status":"closed","template":"","meta":{"footnotes":""},"class_list":["post-77","page","type-page","status-publish","hentry"],"_links":{"self":[{"href":"https:\/\/egevadikonaklari.com\/index.php?rest_route=\/wp\/v2\/pages\/77","targetHints":{"allow":["GET"]}}],"collection":[{"href":"https:\/\/egevadikonaklari.com\/index.php?rest_route=\/wp\/v2\/pages"}],"about":[{"href":"https:\/\/egevadikonaklari.com\/index.php?rest_route=\/wp\/v2\/types\/page"}],"author":[{"embeddable":true,"href":"https:\/\/egevadikonaklari.com\/index.php?rest_route=\/wp\/v2\/users\/1"}],"replies":[{"embeddable":true,"href":"https:\/\/egevadikonaklari.com\/index.php?rest_route=%2Fwp%2Fv2%2Fcomments&post=77"}],"version-history":[{"count":5,"href":"https:\/\/egevadikonaklari.com\/index.php?rest_route=\/wp\/v2\/pages\/77\/revisions"}],"predecessor-version":[{"id":4866,"href":"https:\/\/egevadikonaklari.com\/index.php?rest_route=\/wp\/v2\/pages\/77\/revisions\/4866"}],"wp:attachment":[{"href":"https:\/\/egevadikonaklari.com\/index.php?rest_route=%2Fwp%2Fv2%2Fmedia&parent=77"}],"curies":[{"name":"wp","href":"https:\/\/api.w.org\/{rel}","templated":true}]}}